{"id":466,"date":"2025-09-16T13:14:05","date_gmt":"2025-09-16T11:14:05","guid":{"rendered":"http:\/\/192.168.1.121\/mercidonostia\/politica-de-cookies\/"},"modified":"2025-09-17T12:29:32","modified_gmt":"2025-09-17T10:29:32","slug":"politica-de-cookies","status":"publish","type":"page","link":"https:\/\/www.mercidonosti.es\/eu\/politica-de-cookies\/","title":{"rendered":"Politica de cookies"},"content":{"rendered":"\t\t<div data-elementor-type=\"wp-page\" data-elementor-id=\"466\" class=\"elementor elementor-466 elementor-391\" data-elementor-post-type=\"page\">\n\t\t\t\t<div class=\"elementor-element elementor-element-ad9d954 e-flex e-con-boxed e-con e-parent\" data-id=\"ad9d954\" data-element_type=\"container\" data-e-type=\"container\">\n\t\t\t\t\t<div class=\"e-con-inner\">\n\t\t\t\t<div class=\"elementor-element elementor-element-089ba18 elementor-widget elementor-widget-text-editor\" data-id=\"089ba18\" data-element_type=\"widget\" data-e-type=\"widget\" data-widget_type=\"text-editor.default\">\n\t\t\t\t\t\t\t\t\t<h1 data-start=\"309\" data-end=\"348\">Pol\u00edtica de Cookies <\/h1><p data-start=\"350\" data-end=\"641\">En cumplimiento de lo dispuesto en la <strong data-start=\"388\" data-end=\"502\">Ley 34\/2002, de 11 de julio, de Servicios de la Sociedad de la Informaci\u00f3n y de Comercio Electr\u00f3nico (LSSI-CE)<\/strong> y el <strong data-start=\"508\" data-end=\"560\">Reglamento General de Protecci\u00f3n de Datos (RGPD)<\/strong>, Merci Donosti informa a los usuarios de su sitio web sobre el uso de cookies.<\/p><hr data-start=\"643\" data-end=\"646\"><h2 data-start=\"648\" data-end=\"674\">\u00bfQu\u00e9 son las cookies?<\/h2><p data-start=\"675\" data-end=\"914\">Las cookies son peque\u00f1os archivos de texto que se almacenan en el dispositivo del usuario (ordenador, smartphone, tablet) al visitar un sitio web. Sirven para recordar informaci\u00f3n sobre la navegaci\u00f3n del usuario y mejorar su experiencia. <\/p><hr data-start=\"916\" data-end=\"919\"><h2 data-start=\"921\" data-end=\"953\">Tipos de cookies utilizadas<\/h2><p data-start=\"954\" data-end=\"1011\">Este sitio web utiliza los siguientes tipos de cookies:<\/p><ol data-start=\"1013\" data-end=\"1781\"><li data-start=\"1013\" data-end=\"1246\"><p data-start=\"1016\" data-end=\"1246\"><strong data-start=\"1016\" data-end=\"1050\">Cookies t\u00e9cnicas o necesarias:<\/strong><br data-start=\"1050\" data-end=\"1053\">Permiten la navegaci\u00f3n por el sitio web y el uso de sus funciones b\u00e1sicas (como acceder a \u00e1reas seguras o rellenar formularios).<br data-start=\"1184\" data-end=\"1187\"><em data-start=\"1190\" data-end=\"1200\">Ejemplo:<\/em> recordatorio del idioma, sesi\u00f3n de usuario.<\/p><\/li><li data-start=\"1248\" data-end=\"1399\"><p data-start=\"1251\" data-end=\"1399\"><strong data-start=\"1251\" data-end=\"1282\">Cookies de personalizaci\u00f3n:<\/strong><br data-start=\"1282\" data-end=\"1285\">Permiten recordar informaci\u00f3n para personalizar la experiencia de usuario (por ejemplo, idioma seleccionado).<\/p><\/li><li data-start=\"1401\" data-end=\"1612\"><p data-start=\"1404\" data-end=\"1612\"><strong data-start=\"1404\" data-end=\"1470\">Cookies de an\u00e1lisis o estad\u00edsticas (Google Analytics u otras):<\/strong><br data-start=\"1470\" data-end=\"1473\">Permiten cuantificar el n\u00famero de usuarios y realizar la medici\u00f3n y an\u00e1lisis estad\u00edstico del uso que hacen los usuarios del sitio web.<\/p><\/li><li data-start=\"1614\" data-end=\"1781\"><p data-start=\"1617\" data-end=\"1781\"><strong data-start=\"1617\" data-end=\"1668\">Cookies de marketing o publicidad (si se usan):<\/strong><br data-start=\"1668\" data-end=\"1671\">Se utilizan para mostrar anuncios personalizados en funci\u00f3n del comportamiento de navegaci\u00f3n del usuario.<\/p><\/li><\/ol><blockquote data-start=\"1783\" data-end=\"1895\"><p data-start=\"1785\" data-end=\"1895\">Si no usas cookies de an\u00e1lisis ni de marketing, este apartado puede simplificarse y dejar solo las t\u00e9cnicas.<\/p><\/blockquote><hr data-start=\"1897\" data-end=\"1900\"><h2 data-start=\"1902\" data-end=\"1925\">Gesti\u00f3n de cookies<\/h2><p data-start=\"1926\" data-end=\"2084\">Al acceder al sitio web de Merci Donosti se mostrar\u00e1 un banner de aviso de cookies. El usuario puede aceptar todas las cookies, configurarlas o rechazarlas. <\/p><p data-start=\"2086\" data-end=\"2296\">Asimismo, el usuario puede permitir, bloquear o eliminar las cookies instaladas en su equipo mediante la configuraci\u00f3n de las opciones del navegador. Aqu\u00ed te dejamos los enlaces a los principales navegadores: <\/p><ul data-start=\"2297\" data-end=\"2672\"><li data-start=\"2297\" data-end=\"2364\"><p data-start=\"2299\" data-end=\"2364\"><a class=\"decorated-link cursor-pointer\" target=\"_new\" rel=\"noopener\" data-start=\"2299\" data-end=\"2362\">Google Chrome<\/a><\/p><\/li><li data-start=\"2365\" data-end=\"2454\"><p data-start=\"2367\" data-end=\"2454\"><a class=\"decorated-link cursor-pointer\" target=\"_new\" rel=\"noopener\" data-start=\"2367\" data-end=\"2452\">Mozilla Firefox<\/a><\/p><\/li><li data-start=\"2455\" data-end=\"2599\"><p data-start=\"2457\" data-end=\"2599\"><a class=\"decorated-link cursor-pointer\" target=\"_new\" rel=\"noopener\" data-start=\"2457\" data-end=\"2597\">Microsoft Edge<\/a><\/p><\/li><li data-start=\"2600\" data-end=\"2672\"><p data-start=\"2602\" data-end=\"2672\"><a class=\"decorated-link cursor-pointer\" target=\"_new\" rel=\"noopener\" data-start=\"2602\" data-end=\"2670\">Safari<\/a><\/p><\/li><\/ul><hr data-start=\"2674\" data-end=\"2677\"><h2 data-start=\"2679\" data-end=\"2708\">Desactivaci\u00f3n de cookies<\/h2><p data-start=\"2709\" data-end=\"2852\">Debes saber que si desactivas o rechazas el uso de cookies, algunas funcionalidades pueden no estar disponibles o no funcionar correctamente.<\/p><hr data-start=\"2854\" data-end=\"2857\"><h2 data-start=\"2859\" data-end=\"2903\">Actualizaci\u00f3n de la pol\u00edtica de cookies<\/h2><p data-start=\"2904\" data-end=\"3103\">Merci Donosti puede actualizar la presente Pol\u00edtica de Cookies en cualquier momento. Se recomienda revisar esta pol\u00edtica peri\u00f3dicamente para estar informado sobre el uso que hacemos de las cookies. <\/p>\t\t\t\t\t\t\t\t<\/div>\n\t\t\t\t\t<\/div>\n\t\t\t\t<\/div>\n\t\t\t\t<\/div>\n\t\t","protected":false},"excerpt":{"rendered":"<p>Pol\u00edtica de Cookies En cumplimiento de lo dispuesto en la Ley 34\/2002, de 11 de julio, de Servicios de la Sociedad de la Informaci\u00f3n y de Comercio Electr\u00f3nico (LSSI-CE) y el Reglamento General de Protecci\u00f3n de Datos (RGPD), Merci Donosti informa a los usuarios de su sitio web sobre el uso de cookies. \u00bfQu\u00e9 son [&hellip;]<\/p>\n","protected":false},"author":1,"featured_media":0,"parent":0,"menu_order":0,"comment_status":"closed","ping_status":"closed","template":"","meta":{"footnotes":""},"class_list":["post-466","page","type-page","status-publish","hentry"],"_links":{"self":[{"href":"https:\/\/www.mercidonosti.es\/eu\/wp-json\/wp\/v2\/pages\/466","targetHints":{"allow":["GET"]}}],"collection":[{"href":"https:\/\/www.mercidonosti.es\/eu\/wp-json\/wp\/v2\/pages"}],"about":[{"href":"https:\/\/www.mercidonosti.es\/eu\/wp-json\/wp\/v2\/types\/page"}],"author":[{"embeddable":true,"href":"https:\/\/www.mercidonosti.es\/eu\/wp-json\/wp\/v2\/users\/1"}],"replies":[{"embeddable":true,"href":"https:\/\/www.mercidonosti.es\/eu\/wp-json\/wp\/v2\/comments?post=466"}],"version-history":[{"count":1,"href":"https:\/\/www.mercidonosti.es\/eu\/wp-json\/wp\/v2\/pages\/466\/revisions"}],"predecessor-version":[{"id":467,"href":"https:\/\/www.mercidonosti.es\/eu\/wp-json\/wp\/v2\/pages\/466\/revisions\/467"}],"wp:attachment":[{"href":"https:\/\/www.mercidonosti.es\/eu\/wp-json\/wp\/v2\/media?parent=466"}],"curies":[{"name":"wp","href":"https:\/\/api.w.org\/{rel}","templated":true}]}}